{"id":1771,"date":"2019-09-05T15:56:14","date_gmt":"2019-09-05T13:56:14","guid":{"rendered":"https:\/\/dev.doozy.it\/otticacarraro\/?page_id=1771"},"modified":"2025-11-18T10:59:29","modified_gmt":"2025-11-18T09:59:29","slug":"termini-e-condizioni-di-vendita","status":"publish","type":"page","link":"https:\/\/www.otticacarraro.it\/it\/termini-e-condizioni-di-vendita\/","title":{"rendered":"Termini e Condizioni di vendita"},"content":{"rendered":"<div class=\"wpb-content-wrapper\"><p>[vc_row][vc_column][vc_column_text css=&#8221;&#8221;]\ud83d\udcc4 Termini e condizioni di vendita<\/p>\n<p>1. Introduzione<\/p>\n<p>I presenti Termini e condizioni di vendita regolano l&#8217;acquisto di prodotti da Ottica Carraro (di seguito denominata \u201cnoi\u201d, \u201cci\u201d o \u2018nostro\u2019) attraverso il nostro sito web all&#8217;indirizzo www.otticacarraro.it . Effettuando un ordine di prodotti, l&#8217;utente accetta di essere vincolato dai presenti Termini e condizioni.<\/p>\n<p>2. Ordini e accettazione<\/p>\n<p>1. Inserimento dell&#8217;ordine: tutti gli ordini sono richieste di acquisto di un prodotto. L&#8217;ordine viene inserito quando l&#8217;utente completa la procedura di checkout sul nostro Sito web.<\/p>\n<p>2. Accettazione dell&#8217;ordine: al ricevimento dell&#8217;ordine, invieremo all&#8217;utente un&#8217;e-mail di conferma dell&#8217;ordine. Tale e-mail non costituisce accettazione dell&#8217;ordine da parte nostra. L&#8217;accettazione dell&#8217;ordine e la formazione del contratto di vendita avvengono solo quando inviamo una seconda e-mail di conferma della spedizione della merce (\u201cConferma di spedizione\u201d).<\/p>\n<p>3. Rifiuto dell&#8217;ordine: Ci riserviamo il diritto di rifiutare qualsiasi ordine effettuato presso di noi. Ci\u00f2 pu\u00f2 essere dovuto, a titolo esemplificativo ma non esaustivo, all&#8217;esaurimento delle scorte del prodotto, al mancato autorizzazione del pagamento o al sospetto di attivit\u00e0 fraudolenta.<\/p>\n<p>3. Prezzi e pagamento<\/p>\n<p>1. Prezzi: tutti i prezzi sono quelli indicati sul sito web al momento dell&#8217;invio dell&#8217;ordine, ma non includono le spese di spedizione, che saranno aggiunte all&#8217;importo totale dovuto durante la procedura di checkout.<\/p>\n<p>2. Pagamento: accettiamo pagamenti con Visa, Mastercard e American Express. Il pagamento deve essere ricevuto per intero prima della spedizione dei prodotti.<\/p>\n<p>3. Errori di prezzo: se riscontriamo un errore nel prezzo di uno dei prodotti ordinati, ti informeremo al pi\u00f9 presto e ti daremo la possibilit\u00e0 di riconfermare l&#8217;ordine al prezzo corretto o di annullarlo.<\/p>\n<p>4. Spedizione e consegna<\/p>\n<p>1. Spese di spedizione: le spese di spedizione sono calcolate in base alla destinazione dell&#8217;ordine e sono chiaramente indicate al momento del checkout.<\/p>\n<p>2. Tempi di consegna: ci impegniamo a spedire tutti gli ordini entro 5 giorni lavorativi. I tempi di consegna indicati sono puramente indicativi e non sono garantiti. Non siamo responsabili per ritardi al di fuori del nostro controllo.<\/p>\n<p>3. TEMPI DI CONSEGNA e COSTI stimati<\/p>\n<ul>\n<li>\n<p align=\"left\">Italia: 2-5 giorni Euro 10,00<\/p>\n<\/li>\n<li>\n<p align=\"left\">Europa: 3-7 giorni Euro 20,00<\/p>\n<\/li>\n<li>\n<p align=\"left\">Stati Uniti, Canada: 5-7 giorni Euro 25,00<\/p>\n<\/li>\n<li>\n<p align=\"left\">Oceania 5-7 giorni Euro 30,00<\/p>\n<\/li>\n<\/ul>\n<p>La manipolazione, l&#8217;imballaggio, la custodia morbida o rigida e uno speciale panno di pulizia in microfibra SONO INCLUSI nel costo degli occhiali.<\/p>\n<p>7. Rischio di perdita: il rischio di perdita e danneggiamento passa all&#8217;acquirente al momento della consegna del prodotto.<\/p>\n<p>5. Dazi doganali, tasse e sdoganamento (ordini internazionali)<\/p>\n<p>1. Responsabilit\u00e0 del cliente: gli ordini spediti al di fuori della nostra area operativa (ad esempio, negli Stati Uniti e nel Regno Unito) possono essere soggetti a dazi doganali, tasse e spese di intermediazione. Tali oneri vengono applicati una volta che la spedizione raggiunge il Paese di destinazione.<\/p>\n<p>2. Pagamento delle spese: tali spese aggiuntive sono di esclusiva responsabilit\u00e0 del destinatario (il Cliente). Non abbiamo alcun controllo su tali spese e non siamo in grado di prevederne l&#8217;ammontare. Non siamo responsabili per eventuali ritardi o problemi causati dal mancato pagamento tempestivo di tali spese da parte del destinatario.<\/p>\n<p>3. Conseguenze del mancato pagamento e dell&#8217;abbandono: se il destinatario si rifiuta di pagare i dazi doganali, le tasse o le commissioni di intermediazione, il pacco pu\u00f2 essere considerato abbandonato dall&#8217;autorit\u00e0 doganale. Nel caso in cui la spedizione venga abbandonata a causa del rifiuto del destinatario di pagare dazi e tasse, l&#8217;ordine non potr\u00e0 essere rimborsato o rispedito e ci\u00f2 non costituir\u00e0 motivo di contestazione o chargeback.<\/p>\n<p>6. Resi, rimborsi e cancellazioni<\/p>\n<p>1. Diritto di recesso (consumatori UE): se stai stipulando un contratto in qualit\u00e0 di consumatore UE, hai il diritto di recedere dal presente contratto entro 14 giorni di calendario senza fornire alcuna motivazione.<\/p>\n<p>2. Politica di reso (generale): i prodotti devono essere restituiti inutilizzati, nella loro confezione originale e in condizioni tali da poter essere rivenduti. Le spese di restituzione della merce sono a tuo carico.<\/p>\n<p>3. Rimborsi (generale): elaboreremo il rimborso dovuto al cliente il prima possibile e, in ogni caso, entro 14 giorni dal giorno in cui riceviamo la merce restituita.<\/p>\n<p>4. Resi internazionali (esclusi Stati Uniti e Regno Unito):<\/p>\n<p>\u25e6 I prodotti spediti a livello internazionale (compresi Stati Uniti e Regno Unito) non possono essere restituiti per ottenere un rimborso se il reso \u00e8 complicato, rifiutato o genera costi eccessivi a causa delle procedure doganali locali, delle tasse di importazione o dei dazi imposti dal paese di destinazione al momento del rientro.<\/p>\n<p>\u25e6 In caso di reso volontario, il cliente \u00e8 pienamente responsabile di garantire che la merce superi la dogana durante il viaggio di ritorno e di coprire tutte le spese, i dazi e le tasse associati addebitati dalla dogana del nostro paese per il reso.<\/p>\n<p>\u25e6 Ci riserviamo il diritto di rifiutare qualsiasi pacco restituito se ci viene richiesto di pagare dazi doganali, spese di gestione o tasse al suo arrivo nel nostro paese. Se un reso viene rifiutato a causa del mancato pagamento di tali spese da parte del cliente\/spedizioniere, l&#8217;ordine non potr\u00e0 essere rimborsato.<\/p>\n<p>5. Annullamenti: gli ordini possono essere annullati solo prima di ricevere l&#8217;e-mail di conferma della spedizione.<\/p>\n<p>7. Informazioni sul prodotto e garanzia<\/p>\n<p>1. Descrizioni dei prodotti: prestiamo la massima attenzione per garantire che tutti i dettagli, le descrizioni e i prezzi dei prodotti che appaiono sul sito web siano corretti. Tuttavia, non garantiamo che le descrizioni dei prodotti siano completamente accurate, complete, affidabili, aggiornate o prive di errori.<\/p>\n<p>2. Garanzia: tutti i prodotti venduti sono coperti da una garanzia legale di conformit\u00e0.<\/p>\n<p>8. Propriet\u00e0 intellettuale<\/p>\n<p>Il contenuto del sito web, inclusi testi, grafica, loghi, immagini e software, \u00e8 di propriet\u00e0 di Ottica Carraro ed \u00e8 protetto dalle leggi sulla propriet\u00e0 intellettuale.<\/p>\n<p>9. Responsabilit\u00e0<\/p>\n<p>Nella misura massima consentita dalla legge, escludiamo ogni responsabilit\u00e0 per qualsiasi perdita o danno di qualsiasi tipo, inclusi, senza limitazioni, qualsiasi perdita diretta, indiretta o consequenziale, causata o meno dalla nostra negligenza.<\/p>\n<p>10. Legge applicabile e giurisdizione<\/p>\n<p>I presenti Termini e condizioni sono regolati e interpretati in conformit\u00e0 con le leggi italiane. L&#8217;utente accetta che i tribunali di [specificare la propria citt\u00e0\/regione] avranno giurisdizione non esclusiva per risolvere qualsiasi controversia derivante dai presenti Termini e condizioni.<\/p>\n<p>11. Informazioni di contatto<\/p>\n<p>Per qualsiasi domanda sui presenti Termini, contattarci all&#8217;indirizzo: carraro@otticacarraro.it<\/p>\n<p>[\/vc_column_text][\/vc_column][\/vc_row]<\/p>\n<\/div>","protected":false},"excerpt":{"rendered":"<p>[vc_row][vc_column][vc_column_text css=&#8221;&#8221;]\ud83d\udcc4 Termini e condizioni di vendita 1. Introduzione I presenti Termini e condizioni di vendita regolano l&#8217;acquisto di prodotti da Ottica Carraro (di seguito denominata \u201cnoi\u201d, \u201cci\u201d o \u2018nostro\u2019) attraverso il nostro sito web all&#8217;indirizzo www.otticacarraro.it . Effettuando un ordine di prodotti, l&#8217;utente accetta di essere vincolato dai presenti Termini e condizioni. 2. Ordini&hellip;<\/p>\n","protected":false},"author":1,"featured_media":0,"parent":0,"menu_order":0,"comment_status":"closed","ping_status":"closed","template":"","meta":{"inline_featured_image":false,"footnotes":""},"class_list":["post-1771","page","type-page","status-publish","hentry","description-off"],"yoast_head":"<!-- This site is optimized with the Yoast SEO plugin v26.7 - https:\/\/yoast.com\/wordpress\/plugins\/seo\/ -->\n<title>Termini e Condizioni di vendita | Ottica Carraro Eyeweardesign<\/title>\n<meta name=\"robots\" content=\"index, follow, max-snippet:-1, max-image-preview:large, max-video-preview:-1\" \/>\n<link rel=\"canonical\" href=\"https:\/\/www.otticacarraro.it\/it\/termini-e-condizioni-di-vendita\/\" \/>\n<meta property=\"og:locale\" content=\"it_IT\" \/>\n<meta property=\"og:type\" content=\"article\" \/>\n<meta property=\"og:title\" content=\"Termini e Condizioni di vendita | Ottica Carraro Eyeweardesign\" \/>\n<meta property=\"og:description\" content=\"[vc_row][vc_column][vc_column_text css=&#8221;&#8221;]\ud83d\udcc4 Termini e condizioni di vendita 1. Introduzione I presenti Termini e condizioni di vendita regolano l&#8217;acquisto di prodotti da Ottica Carraro (di seguito denominata \u201cnoi\u201d, \u201cci\u201d o \u2018nostro\u2019) attraverso il nostro sito web all&#8217;indirizzo www.otticacarraro.it . Effettuando un ordine di prodotti, l&#8217;utente accetta di essere vincolato dai presenti Termini e condizioni. 2. Ordini&hellip;\" \/>\n<meta property=\"og:url\" content=\"https:\/\/www.otticacarraro.it\/it\/termini-e-condizioni-di-vendita\/\" \/>\n<meta property=\"og:site_name\" content=\"Ottica Carraro Eyeweardesign\" \/>\n<meta property=\"article:publisher\" content=\"https:\/\/www.facebook.com\/carraroEyeweardesign\/\" \/>\n<meta property=\"article:modified_time\" content=\"2025-11-18T09:59:29+00:00\" \/>\n<meta name=\"twitter:card\" content=\"summary_large_image\" \/>\n<meta name=\"twitter:label1\" content=\"Tempo di lettura stimato\" \/>\n\t<meta name=\"twitter:data1\" content=\"6 minuti\" \/>\n<script type=\"application\/ld+json\" class=\"yoast-schema-graph\">{\"@context\":\"https:\/\/schema.org\",\"@graph\":[{\"@type\":\"WebPage\",\"@id\":\"https:\/\/www.otticacarraro.it\/it\/termini-e-condizioni-di-vendita\/\",\"url\":\"https:\/\/www.otticacarraro.it\/it\/termini-e-condizioni-di-vendita\/\",\"name\":\"Termini e Condizioni di vendita | Ottica Carraro Eyeweardesign\",\"isPartOf\":{\"@id\":\"https:\/\/www.otticacarraro.it\/it\/#website\"},\"datePublished\":\"2019-09-05T13:56:14+00:00\",\"dateModified\":\"2025-11-18T09:59:29+00:00\",\"breadcrumb\":{\"@id\":\"https:\/\/www.otticacarraro.it\/it\/termini-e-condizioni-di-vendita\/#breadcrumb\"},\"inLanguage\":\"it-IT\",\"potentialAction\":[{\"@type\":\"ReadAction\",\"target\":[\"https:\/\/www.otticacarraro.it\/it\/termini-e-condizioni-di-vendita\/\"]}]},{\"@type\":\"BreadcrumbList\",\"@id\":\"https:\/\/www.otticacarraro.it\/it\/termini-e-condizioni-di-vendita\/#breadcrumb\",\"itemListElement\":[{\"@type\":\"ListItem\",\"position\":1,\"name\":\"Home\",\"item\":\"https:\/\/www.otticacarraro.it\/it\/\"},{\"@type\":\"ListItem\",\"position\":2,\"name\":\"Termini e Condizioni di vendita\"}]},{\"@type\":\"WebSite\",\"@id\":\"https:\/\/www.otticacarraro.it\/it\/#website\",\"url\":\"https:\/\/www.otticacarraro.it\/it\/\",\"name\":\"Ottica Carraro Eyeweardesign\",\"description\":\"Negozio di occhiali a Venezia\",\"publisher\":{\"@id\":\"https:\/\/www.otticacarraro.it\/it\/#organization\"},\"potentialAction\":[{\"@type\":\"SearchAction\",\"target\":{\"@type\":\"EntryPoint\",\"urlTemplate\":\"https:\/\/www.otticacarraro.it\/it\/?s={search_term_string}\"},\"query-input\":{\"@type\":\"PropertyValueSpecification\",\"valueRequired\":true,\"valueName\":\"search_term_string\"}}],\"inLanguage\":\"it-IT\"},{\"@type\":\"Organization\",\"@id\":\"https:\/\/www.otticacarraro.it\/it\/#organization\",\"name\":\"Ottica Carraro\",\"url\":\"https:\/\/www.otticacarraro.it\/it\/\",\"logo\":{\"@type\":\"ImageObject\",\"inLanguage\":\"it-IT\",\"@id\":\"https:\/\/www.otticacarraro.it\/it\/#\/schema\/logo\/image\/\",\"url\":\"https:\/\/www.otticacarraro.it\/wp-content\/uploads\/2019\/08\/logo_ottica_carraro_hd.png\",\"contentUrl\":\"https:\/\/www.otticacarraro.it\/wp-content\/uploads\/2019\/08\/logo_ottica_carraro_hd.png\",\"width\":800,\"height\":142,\"caption\":\"Ottica Carraro\"},\"image\":{\"@id\":\"https:\/\/www.otticacarraro.it\/it\/#\/schema\/logo\/image\/\"},\"sameAs\":[\"https:\/\/www.facebook.com\/carraroEyeweardesign\/\",\"https:\/\/www.instagram.com\/explore\/tags\/otticacarraro\"]}]}<\/script>\n<!-- \/ Yoast SEO plugin. -->","yoast_head_json":{"title":"Termini e Condizioni di vendita | Ottica Carraro Eyeweardesign","robots":{"index":"index","follow":"follow","max-snippet":"max-snippet:-1","max-image-preview":"max-image-preview:large","max-video-preview":"max-video-preview:-1"},"canonical":"https:\/\/www.otticacarraro.it\/it\/termini-e-condizioni-di-vendita\/","og_locale":"it_IT","og_type":"article","og_title":"Termini e Condizioni di vendita | Ottica Carraro Eyeweardesign","og_description":"[vc_row][vc_column][vc_column_text css=&#8221;&#8221;]\ud83d\udcc4 Termini e condizioni di vendita 1. Introduzione I presenti Termini e condizioni di vendita regolano l&#8217;acquisto di prodotti da Ottica Carraro (di seguito denominata \u201cnoi\u201d, \u201cci\u201d o \u2018nostro\u2019) attraverso il nostro sito web all&#8217;indirizzo www.otticacarraro.it . Effettuando un ordine di prodotti, l&#8217;utente accetta di essere vincolato dai presenti Termini e condizioni. 2. Ordini&hellip;","og_url":"https:\/\/www.otticacarraro.it\/it\/termini-e-condizioni-di-vendita\/","og_site_name":"Ottica Carraro Eyeweardesign","article_publisher":"https:\/\/www.facebook.com\/carraroEyeweardesign\/","article_modified_time":"2025-11-18T09:59:29+00:00","twitter_card":"summary_large_image","twitter_misc":{"Tempo di lettura stimato":"6 minuti"},"schema":{"@context":"https:\/\/schema.org","@graph":[{"@type":"WebPage","@id":"https:\/\/www.otticacarraro.it\/it\/termini-e-condizioni-di-vendita\/","url":"https:\/\/www.otticacarraro.it\/it\/termini-e-condizioni-di-vendita\/","name":"Termini e Condizioni di vendita | Ottica Carraro Eyeweardesign","isPartOf":{"@id":"https:\/\/www.otticacarraro.it\/it\/#website"},"datePublished":"2019-09-05T13:56:14+00:00","dateModified":"2025-11-18T09:59:29+00:00","breadcrumb":{"@id":"https:\/\/www.otticacarraro.it\/it\/termini-e-condizioni-di-vendita\/#breadcrumb"},"inLanguage":"it-IT","potentialAction":[{"@type":"ReadAction","target":["https:\/\/www.otticacarraro.it\/it\/termini-e-condizioni-di-vendita\/"]}]},{"@type":"BreadcrumbList","@id":"https:\/\/www.otticacarraro.it\/it\/termini-e-condizioni-di-vendita\/#breadcrumb","itemListElement":[{"@type":"ListItem","position":1,"name":"Home","item":"https:\/\/www.otticacarraro.it\/it\/"},{"@type":"ListItem","position":2,"name":"Termini e Condizioni di vendita"}]},{"@type":"WebSite","@id":"https:\/\/www.otticacarraro.it\/it\/#website","url":"https:\/\/www.otticacarraro.it\/it\/","name":"Ottica Carraro Eyeweardesign","description":"Negozio di occhiali a Venezia","publisher":{"@id":"https:\/\/www.otticacarraro.it\/it\/#organization"},"potentialAction":[{"@type":"SearchAction","target":{"@type":"EntryPoint","urlTemplate":"https:\/\/www.otticacarraro.it\/it\/?s={search_term_string}"},"query-input":{"@type":"PropertyValueSpecification","valueRequired":true,"valueName":"search_term_string"}}],"inLanguage":"it-IT"},{"@type":"Organization","@id":"https:\/\/www.otticacarraro.it\/it\/#organization","name":"Ottica Carraro","url":"https:\/\/www.otticacarraro.it\/it\/","logo":{"@type":"ImageObject","inLanguage":"it-IT","@id":"https:\/\/www.otticacarraro.it\/it\/#\/schema\/logo\/image\/","url":"https:\/\/www.otticacarraro.it\/wp-content\/uploads\/2019\/08\/logo_ottica_carraro_hd.png","contentUrl":"https:\/\/www.otticacarraro.it\/wp-content\/uploads\/2019\/08\/logo_ottica_carraro_hd.png","width":800,"height":142,"caption":"Ottica Carraro"},"image":{"@id":"https:\/\/www.otticacarraro.it\/it\/#\/schema\/logo\/image\/"},"sameAs":["https:\/\/www.facebook.com\/carraroEyeweardesign\/","https:\/\/www.instagram.com\/explore\/tags\/otticacarraro"]}]}},"_links":{"self":[{"href":"https:\/\/www.otticacarraro.it\/it\/wp-json\/wp\/v2\/pages\/1771","targetHints":{"allow":["GET"]}}],"collection":[{"href":"https:\/\/www.otticacarraro.it\/it\/wp-json\/wp\/v2\/pages"}],"about":[{"href":"https:\/\/www.otticacarraro.it\/it\/wp-json\/wp\/v2\/types\/page"}],"author":[{"embeddable":true,"href":"https:\/\/www.otticacarraro.it\/it\/wp-json\/wp\/v2\/users\/1"}],"replies":[{"embeddable":true,"href":"https:\/\/www.otticacarraro.it\/it\/wp-json\/wp\/v2\/comments?post=1771"}],"version-history":[{"count":0,"href":"https:\/\/www.otticacarraro.it\/it\/wp-json\/wp\/v2\/pages\/1771\/revisions"}],"wp:attachment":[{"href":"https:\/\/www.otticacarraro.it\/it\/wp-json\/wp\/v2\/media?parent=1771"}],"curies":[{"name":"wp","href":"https:\/\/api.w.org\/{rel}","templated":true}]}}